{"id":2433,"date":"2021-11-19T19:47:59","date_gmt":"2021-11-19T18:47:59","guid":{"rendered":"https:\/\/libertycoiffure.com\/?page_id=2433"},"modified":"2024-09-09T19:48:21","modified_gmt":"2024-09-09T17:48:21","slug":"tarifs","status":"publish","type":"page","link":"https:\/\/libertycoiffure.com\/index.php\/tarifs\/","title":{"rendered":"Tarifs"},"content":{"rendered":"\t\t<div data-elementor-type=\"wp-page\" data-elementor-id=\"2433\" class=\"elementor elementor-2433\">\n\t\t\t\t\t\t<section class=\"elementor-section elementor-top-section elementor-element elementor-element-fd46d2a elementor-section-boxed elementor-section-height-default elementor-section-height-default\" data-id=\"fd46d2a\" data-element_type=\"section\" data-e-type=\"section\">\n\t\t\t\t\t\t<div class=\"elementor-container elementor-column-gap-default\">\n\t\t\t\t\t<div class=\"elementor-column elementor-col-100 elementor-top-column elementor-element elementor-element-20ac196\" data-id=\"20ac196\" data-element_type=\"column\" data-e-type=\"column\">\n\t\t\t<div class=\"elementor-widget-wrap elementor-element-populated\">\n\t\t\t\t\t\t<div class=\"elementor-element elementor-element-f02a030 elementor-widget elementor-widget-image\" data-id=\"f02a030\" data-element_type=\"widget\" data-e-type=\"widget\" data-widget_type=\"image.default\">\n\t\t\t\t<div class=\"elementor-widget-container\">\n\t\t\t\t\t\t\t\t\t\t\t\t\t\t\t<img fetchpriority=\"high\" decoding=\"async\" width=\"1024\" height=\"213\" src=\"https:\/\/libertycoiffure.com\/wp-content\/uploads\/2021\/11\/Blonde-Liberty-Coiffure-13-1024x213.png\" class=\"attachment-large size-large wp-image-2490\" alt=\"\" srcset=\"https:\/\/libertycoiffure.com\/wp-content\/uploads\/2021\/11\/Blonde-Liberty-Coiffure-13-1024x213.png 1024w, https:\/\/libertycoiffure.com\/wp-content\/uploads\/2021\/11\/Blonde-Liberty-Coiffure-13-300x63.png 300w, https:\/\/libertycoiffure.com\/wp-content\/uploads\/2021\/11\/Blonde-Liberty-Coiffure-13-768x160.png 768w, https:\/\/libertycoiffure.com\/wp-content\/uploads\/2021\/11\/Blonde-Liberty-Coiffure-13-1536x320.png 1536w, https:\/\/libertycoiffure.com\/wp-content\/uploads\/2021\/11\/Blonde-Liberty-Coiffure-13.png 1920w\" sizes=\"(max-width: 1024px) 100vw, 1024px\" \/>\t\t\t\t\t\t\t\t\t\t\t\t\t\t\t<\/div>\n\t\t\t\t<\/div>\n\t\t\t\t\t<\/div>\n\t\t<\/div>\n\t\t\t\t\t<\/div>\n\t\t<\/section>\n\t\t\t\t<section class=\"elementor-section elementor-top-section elementor-element elementor-element-235071b6 elementor-section-boxed elementor-section-height-default elementor-section-height-default\" data-id=\"235071b6\" data-element_type=\"section\" data-e-type=\"section\">\n\t\t\t\t\t\t<div class=\"elementor-container elementor-column-gap-default\">\n\t\t\t\t\t<div class=\"elementor-column elementor-col-100 elementor-top-column elementor-element elementor-element-1e07622f\" data-id=\"1e07622f\" data-element_type=\"column\" data-e-type=\"column\">\n\t\t\t<div class=\"elementor-widget-wrap elementor-element-populated\">\n\t\t\t\t\t\t<div class=\"elementor-element elementor-element-56f497ed elementor-widget elementor-widget-text-editor\" data-id=\"56f497ed\" data-element_type=\"widget\" data-e-type=\"widget\" data-widget_type=\"text-editor.default\">\n\t\t\t\t<div class=\"elementor-widget-container\">\n\t\t\t\t\t\t\t\t\t<h2><span style=\"font-size: 16px; font-style: inherit; color: var(--ast-global-color-3);\">Les tarifs indiqu\u00e9s ci-dessous ne sont qu&rsquo;\u00e0 titre indicatif.<\/span><\/h2>\n<p>N&rsquo;h\u00e9sitez pas \u00e0 me contacter via le <strong><a href=\"https:\/\/libertycoiffure.com\/index.php\/contact\/\"><span style=\"text-decoration: underline;\">formulaire de contact<\/span><\/a><\/strong>, ou bien via <strong><a href=\"https:\/\/www.facebook.com\/alexandra.kwiecinski.cognac\/\" target=\"_blank\" rel=\"noopener\"><span style=\"text-decoration: underline;\">Facebook<\/span><\/a><\/strong> pour obtenir un devis personnalis\u00e9.<\/p>\n<p><\/p>\n<p><\/p>\t\t\t\t\t\t\t\t<\/div>\n\t\t\t\t<\/div>\n\t\t\t\t\t<\/div>\n\t\t<\/div>\n\t\t\t\t\t<\/div>\n\t\t<\/section>\n\t\t\t\t<section class=\"elementor-section elementor-top-section elementor-element elementor-element-afe0b37 elementor-section-boxed elementor-section-height-default elementor-section-height-default\" data-id=\"afe0b37\" data-element_type=\"section\" data-e-type=\"section\">\n\t\t\t\t\t\t<div class=\"elementor-container elementor-column-gap-default\">\n\t\t\t\t\t<div class=\"elementor-column elementor-col-100 elementor-top-column elementor-element elementor-element-e822ccd\" data-id=\"e822ccd\" data-element_type=\"column\" data-e-type=\"column\">\n\t\t\t<div class=\"elementor-widget-wrap elementor-element-populated\">\n\t\t\t\t\t\t<div class=\"elementor-element elementor-element-b4e7e8c elementor-widget elementor-widget-image\" data-id=\"b4e7e8c\" data-element_type=\"widget\" data-e-type=\"widget\" data-widget_type=\"image.default\">\n\t\t\t\t<div class=\"elementor-widget-container\">\n\t\t\t\t\t\t\t\t\t\t\t\t\t\t\t<img decoding=\"async\" width=\"724\" height=\"1024\" data-src=\"https:\/\/libertycoiffure.com\/wp-content\/uploads\/2024\/09\/Flyers-Liberty-Coiffure-6-724x1024.png\" class=\"attachment-large size-large wp-image-3115 lazyload\" alt=\"\" data-srcset=\"https:\/\/libertycoiffure.com\/wp-content\/uploads\/2024\/09\/Flyers-Liberty-Coiffure-6-724x1024.png 724w, https:\/\/libertycoiffure.com\/wp-content\/uploads\/2024\/09\/Flyers-Liberty-Coiffure-6-212x300.png 212w, https:\/\/libertycoiffure.com\/wp-content\/uploads\/2024\/09\/Flyers-Liberty-Coiffure-6-768x1086.png 768w, https:\/\/libertycoiffure.com\/wp-content\/uploads\/2024\/09\/Flyers-Liberty-Coiffure-6-1086x1536.png 1086w, https:\/\/libertycoiffure.com\/wp-content\/uploads\/2024\/09\/Flyers-Liberty-Coiffure-6.png 1414w\" data-sizes=\"(max-width: 724px) 100vw, 724px\" src=\"data:image\/svg+xml;base64,PHN2ZyB3aWR0aD0iMSIgaGVpZ2h0PSIxIiB4bWxucz0iaHR0cDovL3d3dy53My5vcmcvMjAwMC9zdmciPjwvc3ZnPg==\" style=\"--smush-placeholder-width: 724px; --smush-placeholder-aspect-ratio: 724\/1024;\" \/>\t\t\t\t\t\t\t\t\t\t\t\t\t\t\t<\/div>\n\t\t\t\t<\/div>\n\t\t\t\t\t<\/div>\n\t\t<\/div>\n\t\t\t\t\t<\/div>\n\t\t<\/section>\n\t\t\t\t<\/div>\n\t\t","protected":false},"excerpt":{"rendered":"<p>Les tarifs indiqu\u00e9s ci-dessous ne sont qu&rsquo;\u00e0 titre indicatif. N&rsquo;h\u00e9sitez pas \u00e0 me contacter via le formulaire de contact, ou bien via Facebook pour obtenir un devis personnalis\u00e9.<\/p>\n","protected":false},"author":1,"featured_media":0,"parent":0,"menu_order":0,"comment_status":"closed","ping_status":"closed","template":"","meta":{"site-sidebar-layout":"no-sidebar","site-content-layout":"page-builder","ast-site-content-layout":"default","site-content-style":"default","site-sidebar-style":"default","ast-global-header-display":"","ast-banner-title-visibility":"","ast-main-header-display":"","ast-hfb-above-header-display":"","ast-hfb-below-header-display":"","ast-hfb-mobile-header-display":"","site-post-title":"disabled","ast-breadcrumbs-content":"","ast-featured-img":"disabled","footer-sml-layout":"","ast-disable-related-posts":"","theme-transparent-header-meta":"","adv-header-id-meta":"","stick-header-meta":"","header-above-stick-meta":"","header-main-stick-meta":"","header-below-stick-meta":"","astra-migrate-meta-layouts":"default","ast-page-background-enabled":"default","ast-page-background-meta":{"desktop":{"background-color":"","background-image":"","background-repeat":"repeat","background-position":"center center","background-size":"auto","background-attachment":"scroll","background-type":"","background-media":"","overlay-type":"","overlay-color":"","overlay-opacity":"","overlay-gradient":""},"tablet":{"background-color":"","background-image":"","background-repeat":"repeat","background-position":"center center","background-size":"auto","background-attachment":"scroll","background-type":"","background-media":"","overlay-type":"","overlay-color":"","overlay-opacity":"","overlay-gradient":""},"mobile":{"background-color":"","background-image":"","background-repeat":"repeat","background-position":"center center","background-size":"auto","background-attachment":"scroll","background-type":"","background-media":"","overlay-type":"","overlay-color":"","overlay-opacity":"","overlay-gradient":""}},"ast-content-background-meta":{"desktop":{"background-color":"var(--ast-global-color-5)","background-image":"","background-repeat":"repeat","background-position":"center center","background-size":"auto","background-attachment":"scroll","background-type":"","background-media":"","overlay-type":"","overlay-color":"","overlay-opacity":"","overlay-gradient":""},"tablet":{"background-color":"var(--ast-global-color-5)","background-image":"","background-repeat":"repeat","background-position":"center center","background-size":"auto","background-attachment":"scroll","background-type":"","background-media":"","overlay-type":"","overlay-color":"","overlay-opacity":"","overlay-gradient":""},"mobile":{"background-color":"var(--ast-global-color-5)","background-image":"","background-repeat":"repeat","background-position":"center center","background-size":"auto","background-attachment":"scroll","background-type":"","background-media":"","overlay-type":"","overlay-color":"","overlay-opacity":"","overlay-gradient":""}},"footnotes":""},"class_list":["post-2433","page","type-page","status-publish","hentry"],"yoast_head":"<!-- This site is optimized with the Yoast SEO plugin v27.4 - https:\/\/yoast.com\/product\/yoast-seo-wordpress\/ -->\n<title>Tarifs -<\/title>\n<meta name=\"robots\" content=\"index, follow, max-snippet:-1, max-image-preview:large, max-video-preview:-1\" \/>\n<link rel=\"canonical\" href=\"https:\/\/libertycoiffure.com\/index.php\/tarifs\/\" \/>\n<meta property=\"og:locale\" content=\"fr_FR\" \/>\n<meta property=\"og:type\" content=\"article\" \/>\n<meta property=\"og:title\" content=\"Tarifs -\" \/>\n<meta property=\"og:description\" content=\"Les tarifs indiqu\u00e9s ci-dessous ne sont qu&rsquo;\u00e0 titre indicatif. N&rsquo;h\u00e9sitez pas \u00e0 me contacter via le formulaire de contact, ou bien via Facebook pour obtenir un devis personnalis\u00e9.\" \/>\n<meta property=\"og:url\" content=\"https:\/\/libertycoiffure.com\/index.php\/tarifs\/\" \/>\n<meta property=\"article:publisher\" content=\"https:\/\/www.facebook.com\/alexandra.kwiecinski.cognac\" \/>\n<meta property=\"article:modified_time\" content=\"2024-09-09T17:48:21+00:00\" \/>\n<meta property=\"og:image\" content=\"https:\/\/libertycoiffure.com\/wp-content\/uploads\/2021\/11\/Blonde-Liberty-Coiffure-13-1024x213.png\" \/>\n<meta name=\"twitter:card\" content=\"summary_large_image\" \/>\n<meta name=\"twitter:label1\" content=\"Dur\u00e9e de lecture estim\u00e9e\" \/>\n\t<meta name=\"twitter:data1\" content=\"1 minute\" \/>\n<script type=\"application\/ld+json\" class=\"yoast-schema-graph\">{\"@context\":\"https:\\\/\\\/schema.org\",\"@graph\":[{\"@type\":\"WebPage\",\"@id\":\"https:\\\/\\\/libertycoiffure.com\\\/index.php\\\/tarifs\\\/\",\"url\":\"https:\\\/\\\/libertycoiffure.com\\\/index.php\\\/tarifs\\\/\",\"name\":\"Tarifs -\",\"isPartOf\":{\"@id\":\"https:\\\/\\\/libertycoiffure.com\\\/#website\"},\"primaryImageOfPage\":{\"@id\":\"https:\\\/\\\/libertycoiffure.com\\\/index.php\\\/tarifs\\\/#primaryimage\"},\"image\":{\"@id\":\"https:\\\/\\\/libertycoiffure.com\\\/index.php\\\/tarifs\\\/#primaryimage\"},\"thumbnailUrl\":\"https:\\\/\\\/libertycoiffure.com\\\/wp-content\\\/uploads\\\/2021\\\/11\\\/Blonde-Liberty-Coiffure-13-1024x213.png\",\"datePublished\":\"2021-11-19T18:47:59+00:00\",\"dateModified\":\"2024-09-09T17:48:21+00:00\",\"breadcrumb\":{\"@id\":\"https:\\\/\\\/libertycoiffure.com\\\/index.php\\\/tarifs\\\/#breadcrumb\"},\"inLanguage\":\"fr-FR\",\"potentialAction\":[{\"@type\":\"ReadAction\",\"target\":[\"https:\\\/\\\/libertycoiffure.com\\\/index.php\\\/tarifs\\\/\"]}]},{\"@type\":\"ImageObject\",\"inLanguage\":\"fr-FR\",\"@id\":\"https:\\\/\\\/libertycoiffure.com\\\/index.php\\\/tarifs\\\/#primaryimage\",\"url\":\"https:\\\/\\\/libertycoiffure.com\\\/wp-content\\\/uploads\\\/2021\\\/11\\\/Blonde-Liberty-Coiffure-13.png\",\"contentUrl\":\"https:\\\/\\\/libertycoiffure.com\\\/wp-content\\\/uploads\\\/2021\\\/11\\\/Blonde-Liberty-Coiffure-13.png\",\"width\":1920,\"height\":400},{\"@type\":\"BreadcrumbList\",\"@id\":\"https:\\\/\\\/libertycoiffure.com\\\/index.php\\\/tarifs\\\/#breadcrumb\",\"itemListElement\":[{\"@type\":\"ListItem\",\"position\":1,\"name\":\"Accueil\",\"item\":\"https:\\\/\\\/libertycoiffure.com\\\/\"},{\"@type\":\"ListItem\",\"position\":2,\"name\":\"Tarifs\"}]},{\"@type\":\"WebSite\",\"@id\":\"https:\\\/\\\/libertycoiffure.com\\\/#website\",\"url\":\"https:\\\/\\\/libertycoiffure.com\\\/\",\"name\":\"\",\"description\":\"\",\"publisher\":{\"@id\":\"https:\\\/\\\/libertycoiffure.com\\\/#organization\"},\"potentialAction\":[{\"@type\":\"SearchAction\",\"target\":{\"@type\":\"EntryPoint\",\"urlTemplate\":\"https:\\\/\\\/libertycoiffure.com\\\/?s={search_term_string}\"},\"query-input\":{\"@type\":\"PropertyValueSpecification\",\"valueRequired\":true,\"valueName\":\"search_term_string\"}}],\"inLanguage\":\"fr-FR\"},{\"@type\":\"Organization\",\"@id\":\"https:\\\/\\\/libertycoiffure.com\\\/#organization\",\"name\":\"libertycoiffure\",\"url\":\"https:\\\/\\\/libertycoiffure.com\\\/\",\"logo\":{\"@type\":\"ImageObject\",\"inLanguage\":\"fr-FR\",\"@id\":\"https:\\\/\\\/libertycoiffure.com\\\/#\\\/schema\\\/logo\\\/image\\\/\",\"url\":\"https:\\\/\\\/i0.wp.com\\\/libertycoiffure.com\\\/wp-content\\\/uploads\\\/2021\\\/10\\\/Logo-Liberty-Coiffure-NOIROR-vec-fond-blanc.jpg?fit=2067%2C886&ssl=1\",\"contentUrl\":\"https:\\\/\\\/i0.wp.com\\\/libertycoiffure.com\\\/wp-content\\\/uploads\\\/2021\\\/10\\\/Logo-Liberty-Coiffure-NOIROR-vec-fond-blanc.jpg?fit=2067%2C886&ssl=1\",\"width\":2067,\"height\":886,\"caption\":\"libertycoiffure\"},\"image\":{\"@id\":\"https:\\\/\\\/libertycoiffure.com\\\/#\\\/schema\\\/logo\\\/image\\\/\"},\"sameAs\":[\"https:\\\/\\\/www.facebook.com\\\/alexandra.kwiecinski.cognac\",\"https:\\\/\\\/www.instagram.com\\\/alexandrakwiecinski\\\/\"]}]}<\/script>\n<!-- \/ Yoast SEO plugin. -->","yoast_head_json":{"title":"Tarifs -","robots":{"index":"index","follow":"follow","max-snippet":"max-snippet:-1","max-image-preview":"max-image-preview:large","max-video-preview":"max-video-preview:-1"},"canonical":"https:\/\/libertycoiffure.com\/index.php\/tarifs\/","og_locale":"fr_FR","og_type":"article","og_title":"Tarifs -","og_description":"Les tarifs indiqu\u00e9s ci-dessous ne sont qu&rsquo;\u00e0 titre indicatif. N&rsquo;h\u00e9sitez pas \u00e0 me contacter via le formulaire de contact, ou bien via Facebook pour obtenir un devis personnalis\u00e9.","og_url":"https:\/\/libertycoiffure.com\/index.php\/tarifs\/","article_publisher":"https:\/\/www.facebook.com\/alexandra.kwiecinski.cognac","article_modified_time":"2024-09-09T17:48:21+00:00","og_image":[{"url":"https:\/\/libertycoiffure.com\/wp-content\/uploads\/2021\/11\/Blonde-Liberty-Coiffure-13-1024x213.png","type":"","width":"","height":""}],"twitter_card":"summary_large_image","twitter_misc":{"Dur\u00e9e de lecture estim\u00e9e":"1 minute"},"schema":{"@context":"https:\/\/schema.org","@graph":[{"@type":"WebPage","@id":"https:\/\/libertycoiffure.com\/index.php\/tarifs\/","url":"https:\/\/libertycoiffure.com\/index.php\/tarifs\/","name":"Tarifs -","isPartOf":{"@id":"https:\/\/libertycoiffure.com\/#website"},"primaryImageOfPage":{"@id":"https:\/\/libertycoiffure.com\/index.php\/tarifs\/#primaryimage"},"image":{"@id":"https:\/\/libertycoiffure.com\/index.php\/tarifs\/#primaryimage"},"thumbnailUrl":"https:\/\/libertycoiffure.com\/wp-content\/uploads\/2021\/11\/Blonde-Liberty-Coiffure-13-1024x213.png","datePublished":"2021-11-19T18:47:59+00:00","dateModified":"2024-09-09T17:48:21+00:00","breadcrumb":{"@id":"https:\/\/libertycoiffure.com\/index.php\/tarifs\/#breadcrumb"},"inLanguage":"fr-FR","potentialAction":[{"@type":"ReadAction","target":["https:\/\/libertycoiffure.com\/index.php\/tarifs\/"]}]},{"@type":"ImageObject","inLanguage":"fr-FR","@id":"https:\/\/libertycoiffure.com\/index.php\/tarifs\/#primaryimage","url":"https:\/\/libertycoiffure.com\/wp-content\/uploads\/2021\/11\/Blonde-Liberty-Coiffure-13.png","contentUrl":"https:\/\/libertycoiffure.com\/wp-content\/uploads\/2021\/11\/Blonde-Liberty-Coiffure-13.png","width":1920,"height":400},{"@type":"BreadcrumbList","@id":"https:\/\/libertycoiffure.com\/index.php\/tarifs\/#breadcrumb","itemListElement":[{"@type":"ListItem","position":1,"name":"Accueil","item":"https:\/\/libertycoiffure.com\/"},{"@type":"ListItem","position":2,"name":"Tarifs"}]},{"@type":"WebSite","@id":"https:\/\/libertycoiffure.com\/#website","url":"https:\/\/libertycoiffure.com\/","name":"","description":"","publisher":{"@id":"https:\/\/libertycoiffure.com\/#organization"},"potentialAction":[{"@type":"SearchAction","target":{"@type":"EntryPoint","urlTemplate":"https:\/\/libertycoiffure.com\/?s={search_term_string}"},"query-input":{"@type":"PropertyValueSpecification","valueRequired":true,"valueName":"search_term_string"}}],"inLanguage":"fr-FR"},{"@type":"Organization","@id":"https:\/\/libertycoiffure.com\/#organization","name":"libertycoiffure","url":"https:\/\/libertycoiffure.com\/","logo":{"@type":"ImageObject","inLanguage":"fr-FR","@id":"https:\/\/libertycoiffure.com\/#\/schema\/logo\/image\/","url":"https:\/\/i0.wp.com\/libertycoiffure.com\/wp-content\/uploads\/2021\/10\/Logo-Liberty-Coiffure-NOIROR-vec-fond-blanc.jpg?fit=2067%2C886&ssl=1","contentUrl":"https:\/\/i0.wp.com\/libertycoiffure.com\/wp-content\/uploads\/2021\/10\/Logo-Liberty-Coiffure-NOIROR-vec-fond-blanc.jpg?fit=2067%2C886&ssl=1","width":2067,"height":886,"caption":"libertycoiffure"},"image":{"@id":"https:\/\/libertycoiffure.com\/#\/schema\/logo\/image\/"},"sameAs":["https:\/\/www.facebook.com\/alexandra.kwiecinski.cognac","https:\/\/www.instagram.com\/alexandrakwiecinski\/"]}]}},"_links":{"self":[{"href":"https:\/\/libertycoiffure.com\/index.php\/wp-json\/wp\/v2\/pages\/2433","targetHints":{"allow":["GET"]}}],"collection":[{"href":"https:\/\/libertycoiffure.com\/index.php\/wp-json\/wp\/v2\/pages"}],"about":[{"href":"https:\/\/libertycoiffure.com\/index.php\/wp-json\/wp\/v2\/types\/page"}],"author":[{"embeddable":true,"href":"https:\/\/libertycoiffure.com\/index.php\/wp-json\/wp\/v2\/users\/1"}],"replies":[{"embeddable":true,"href":"https:\/\/libertycoiffure.com\/index.php\/wp-json\/wp\/v2\/comments?post=2433"}],"version-history":[{"count":51,"href":"https:\/\/libertycoiffure.com\/index.php\/wp-json\/wp\/v2\/pages\/2433\/revisions"}],"predecessor-version":[{"id":3118,"href":"https:\/\/libertycoiffure.com\/index.php\/wp-json\/wp\/v2\/pages\/2433\/revisions\/3118"}],"wp:attachment":[{"href":"https:\/\/libertycoiffure.com\/index.php\/wp-json\/wp\/v2\/media?parent=2433"}],"curies":[{"name":"wp","href":"https:\/\/api.w.org\/{rel}","templated":true}]}}